{"id":157,"date":"2023-06-12T18:17:17","date_gmt":"2023-06-12T18:17:17","guid":{"rendered":"https:\/\/nexoresidences.local\/eb-5\/"},"modified":"2025-08-27T15:45:10","modified_gmt":"2025-08-27T15:45:10","slug":"eb-5","status":"publish","type":"page","link":"https:\/\/nexoresidencesmiami.com\/es\/eb-5\/","title":{"rendered":"EB-5"},"content":{"rendered":"                <section class=\"hero\">\r\n                    \r\n    <div class=\"hero_container bottomLeft\">\r\n        <div class=\"hero_container-image\">\r\n            <figure class=\"desk-img\">\r\n                                    <img decoding=\"async\" src=\"https:\/\/nexoresidencesmiami.com\/wp-content\/uploads\/2023\/06\/EB5-top-1920x1080.jpg\" alt=\"usa flag\"\/>\r\n                            <\/figure>\r\n            <figure class=\"mobile-img\">\r\n                                    <img decoding=\"async\" src=\"https:\/\/nexoresidencesmiami.com\/wp-content\/uploads\/2023\/06\/EB5_mobile.png\" alt=\"usa flag mobile\"\/>\r\n                            <\/figure>\r\n        <\/div>\r\n        <div class=\"hero_container-title\" style=\"color:#000000\">\r\n                                                                                        \r\n                            <h1 class=\"title title-s\">Obtenga la Residencia Permanente<br \/>\r\nen Estados Unidos<\/h1>\r\n                    \r\n                                        <h2 class=\"subtitle\">Inmigraci\u00f3n mediante inversi\u00f3n<\/h2>\r\n                    <\/div>\r\n        <div class=\"hero_container-arrow\">\r\n            <svg xmlns=\"http:\/\/www.w3.org\/2000\/svg\" xmlns:xlink=\"http:\/\/www.w3.org\/1999\/xlink\" width=\"41.845\" height=\"15.699\" viewBox=\"0 0 41.845 15.699\">\r\n                <defs>\r\n                    <clipPath id=\"clip-path\">\r\n                    <rect id=\"Rectangle_7\" data-name=\"Rectangle 7\" width=\"41.845\" height=\"15.699\" fill=\"none\"\/>\r\n                    <\/clipPath>\r\n                <\/defs>\r\n                <g id=\"Group_7\" data-name=\"Group 7\" transform=\"translate(0 0)\">\r\n                    <g id=\"Group_6\" data-name=\"Group 6\" transform=\"translate(0 0)\" clip-path=\"url(#clip-path)\">\r\n                    <path id=\"Path_31\" data-name=\"Path 31\" d=\"M41.76.818,21.068,15.354.567,1.234\" transform=\"translate(-0.243 -0.351)\" fill=\"none\" stroke=\"#000000\" stroke-width=\"2\"\/>\r\n                    <\/g>\r\n                <\/g>\r\n            <\/svg>\r\n        <\/div>\r\n    <\/div>\r\n<\/section>\n\n                                                                \r\n<section class=\"textBlock custom-paddings\" style=\"\r\n    --data-pt-desktop: 130px;\r\n    --data-pb-desktop: 90px;\r\n    --data-pt-mobile: 75px;\r\n    --data-pb-mobile: 60px;\">\r\n    <div class=\"container\">\r\n        <div class=\"textBlock__column\">\r\n                                                <h2 class=\"heading heading-xs\">\u00bfQu\u00e9 es EB-5?<\/h2>\r\n                                                        <div class=\"text text-md\"><p>El Programa de Inversionistas Inmigrantes EB-5 es un programa del gobierno de los Estados Unidos que fomenta nuevas inversiones en proyectos de creaci\u00f3n de empleo. El Congreso cre\u00f3 el Programa EB-5 en 1990 para estimular la econom\u00eda de EE. UU. mediante la creaci\u00f3n de empleos e inversi\u00f3n de capital por parte de inversionistas extranjeros.<br \/>\nEn 1992, el Congreso cre\u00f3 el Programa de Inversionistas Inmigrantes, tambi\u00e9n conocido como Programa de Centros Regionales, que reserva visas EB-5 para participantes que invierten en empresas comerciales asociadas con centros regionales aprobados por el Servicio de Ciudadan\u00eda e Inmigraci\u00f3n de los Estados Unidos (USCIS) con base en propuestas para promover el crecimiento econ\u00f3mico.<\/p>\n<p>El monto de inversi\u00f3n actual, anunciado el 15 de marzo de 2022, es de $800,000 o $1,050,000 dependiendo del \u00e1rea de empleo objetivo.<\/p>\n<\/div>\r\n                        <div class=\"linkText\">\r\n                            <\/div>\r\n        <\/div>\r\n    <\/div>\r\n<\/section>\n\n                \n<!-- Si en mobile no cubre la pantalla completa agregar las clase w-md-90-->\n    \n<section class=\"imgVideoFullBanner  \" style=\"\n    --data-pt-desktop: -px;\n    --data-pb-desktop: -px;\n    --data-pt-mobile: -px;\n    --data-pb-mobile: -px;\n\tpadding-bottom: 50px;\">\n\n           <div class=\"js-parallax\">\n           <figure class=\"desk-img\">\n                                  <img decoding=\"async\" src=\"https:\/\/nexoresidencesmiami.com\/wp-content\/uploads\/2023\/06\/EB5-full-width-01.jpg\" alt=\"usa flag with dollar\"\/>\n                          <\/figure>\n\n           <figure class=\"mobile-img\">\n                                  <img decoding=\"async\" src=\"https:\/\/nexoresidencesmiami.com\/wp-content\/uploads\/2023\/07\/Mask-Group-16.png\" alt=\"\"\/>\n                          <\/figure>\n       <\/div>\n\n    \n<\/section>\n\n                                                                <section class=\"columnImgSimple custom-paddings\"  style=\"\r\n    --data-pt-desktop: 100px;\r\n    --data-pb-desktop: 120px;\r\n    --data-pt-mobile: 43px;\r\n    --data-pb-mobile: 66px;\">\r\n    <div class=\"container\">\r\n        <div class=\"row justify-content-around\">\r\n            <div class=\"col-12 col-lg-5\">\r\n                <div class=\"columnImgSimple_description\">\r\n                    <div>\r\n                                                    <h2 class=\"heading heading-s mb-4 mb-lg-5\"><p>\u00bfQui\u00e9nes pueden solicitar bajo una sola petici\u00f3n?<\/p>\n<\/h2>\r\n                                                                            <div class=\"text text-s\"><p>A trav\u00e9s del programa EB-5, los inversionistas extranjeros y sus familiares inmediatos (c\u00f3nyuges e hijos solteros menores de 21 a\u00f1os) tienen la oportunidad de obtener estatus de residente (es decir, una tarjeta verde) invirtiendo en un proyecto EB-5 calificado que cree al menos 10 empleos a tiempo completo.<\/p>\n<\/div>\r\n                                            <\/div>\r\n                    \r\n                <\/div>\r\n            <\/div>\r\n            <div class=\"col-12 col-lg-5\">\r\n                <div class=\"columnImgSimple_image mb-4 mb-lg-5\">\r\n                    <div class=\"js-reveal\">\r\n                        <figure>\r\n                                                            <img decoding=\"async\" src=\"https:\/\/nexoresidencesmiami.com\/wp-content\/uploads\/2023\/06\/iStock-852732794@2x-500x440.png\" alt=\"Women laughing\"\/>\r\n                                                    <\/figure>\r\n\r\n                    <\/div>\r\n                <\/div>\r\n\r\n            <\/div>\r\n        <\/div>\r\n\r\n        <div class=\"row justify-content-around mt-lg-5 \">\r\n            <div class=\"col-12 col-lg-5\">\r\n                <div class=\"columnImgSimple_image\">\r\n                    <div class=\"js-reveal\">\r\n                        <figure>\r\n                                                            <img decoding=\"async\" src=\"https:\/\/nexoresidencesmiami.com\/wp-content\/uploads\/2023\/06\/FORCT_04_Pool-Deck_High_people-2-500x440.png\" alt=\"Man drinking coffee looking at the view\"\/>\r\n                                                    <\/figure>\r\n\r\n                    <\/div>\r\n                <\/div>\r\n                \r\n            <\/div>\r\n            <div class=\"col-12 col-lg-5\">\r\n                <div class=\"columnImgSimple_description\">\r\n                    <div>\r\n                                                    <h2 class=\"heading heading-s mb-4 mb-lg-5\"><p>Requisitos de Inversi\u00f3n:<\/p>\n<\/h2>\r\n                                                \r\n                                                    <div><ul class=\"text text-s mb-5 ps-3\">\n<li>Inversi\u00f3n de $1,050,000 en el proyecto Nexo EB-5<\/li>\n<li>El capital de inversi\u00f3n debe provenir de una fuente legal adquirida directa o indirectamente por medios legales<\/li>\n<li>La inversi\u00f3n debe estar \u00aben riesgo\u00bb<\/li>\n<\/ul>\n<\/div>\r\n                                            <\/div>\r\n                    \r\n                <\/div>\r\n            <\/div>\r\n        <\/div>\r\n    <\/div>\r\n\r\n<\/section>\n\n                <section class=\"columnImgSimple custom-paddings\"  style=\"\r\n    --data-pt-desktop: -px;\r\n    --data-pb-desktop: -px;\r\n    --data-pt-mobile: -px;\r\n    --data-pb-mobile: -px;\">\r\n    <div class=\"container\">\r\n        <div class=\"row justify-content-around\">\r\n            <div class=\"col-12 col-lg-5\">\r\n                <div class=\"columnImgSimple_description\">\r\n                    <div>\r\n                                                    <h2 class=\"heading heading-s mb-4 mb-lg-5\"><p>Las Nexo Residences<\/p>\n<\/h2>\r\n                                                                            <div class=\"text text-s\"><p>Dise\u00f1adas para vivir, alquilar y disfrutar, Nexo Residences son una evoluci\u00f3n en toda la experiencia de la comunidad para estar mejor conectados, para profundizar en la manera en que llegamos, trabajamos, nos reunimos, nos relajamos e interactuamos.<\/p>\n<p><a class=\"arrowButton\" href=\"https:\/\/nexoresidencesmiami.com\/es\/residencias\/\">Conozca m\u00e1s<\/a><\/p>\n<\/div>\r\n                                            <\/div>\r\n                    \r\n                <\/div>\r\n            <\/div>\r\n            <div class=\"col-12 col-lg-5\">\r\n                <div class=\"columnImgSimple_image mb-4 mb-lg-5\">\r\n                    <div class=\"js-reveal\">\r\n                        <figure>\r\n                                                            <img decoding=\"async\" src=\"https:\/\/nexoresidencesmiami.com\/wp-content\/uploads\/2023\/07\/Mask-Group-39-500x440.jpg\" alt=\"\"\/>\r\n                                                    <\/figure>\r\n\r\n                    <\/div>\r\n                <\/div>\r\n\r\n            <\/div>\r\n        <\/div>\r\n\r\n        <div class=\"row justify-content-around mt-lg-5 \">\r\n            <div class=\"col-12 col-lg-5\">\r\n                <div class=\"columnImgSimple_image\">\r\n                    <div class=\"js-reveal\">\r\n                        <figure>\r\n                                                    <\/figure>\r\n\r\n                    <\/div>\r\n                <\/div>\r\n                \r\n            <\/div>\r\n            <div class=\"col-12 col-lg-5\">\r\n                <div class=\"columnImgSimple_description\">\r\n                    <div>\r\n                                                \r\n                                            <\/div>\r\n                    \r\n                <\/div>\r\n            <\/div>\r\n        <\/div>\r\n    <\/div>\r\n\r\n<\/section>\n\n                <section class=\"steps\">\r\n    <div class=\"container\">\r\n        <div class=\"steps_title\">\r\n                            <h2 class=\"heading heading-s\">El Proceso de Solicitud<\/h2>\r\n                                        <p class=\"text text-s mb-2\">Despu\u00e9s de la aprobaci\u00f3n de la solicitud inicial (Petici\u00f3n I-526), el solicitante, su c\u00f3nyuge e hijos solteros menores de 21 a\u00f1os.<\/p>\r\n                                        <p class=\"text text-s\">Consulte con su abogado sobre el calendario estimado.<\/p>\r\n                    <\/div>\r\n\r\n        <div class=\"row justify-content-between\">\r\n            <div class=\"col-12 col-lg-5\">\r\n                                \r\n                                    \r\n                        <div class=\"steps_items\">\r\n                            <figure>\r\n                                                                    <img decoding=\"async\" src=\"https:\/\/nexoresidencesmiami.com\/wp-content\/uploads\/2023\/06\/Step-1.svg\" alt=\"\"\/>\r\n                                                            <\/figure>\r\n                            <div class=\"description\">\r\n                                                                    <p class=\"title\">Paso 1:<\/p>\r\n                                                                                                    <p class=\"text\">Hable con un representante sobre el proyecto Nexo EB-5.<\/p>\r\n                                                                                            <\/div>\r\n                        <\/div>\r\n                \r\n                                    \r\n                        <div class=\"steps_items\">\r\n                            <figure>\r\n                                                                    <img decoding=\"async\" src=\"https:\/\/nexoresidencesmiami.com\/wp-content\/uploads\/2023\/06\/Step-2.svg\" alt=\"\"\/>\r\n                                                            <\/figure>\r\n                            <div class=\"description\">\r\n                                                                    <p class=\"title\">Paso 2:<\/p>\r\n                                                                                                    <p class=\"text\">Prepare el formulario I-526 con su abogado y pres\u00e9ntelo a USCIS (Estimado 4-8 semanas)<\/p>\r\n                                                                                                    \r\n\r\n                                                                            <div><ul class=\"text\">\n<li>Contrate a un Abogado de Inmigraci\u00f3n para preparar su Petici\u00f3n de Inmigraci\u00f3n (I-526)<\/li>\n<li>Revisi\u00f3n de la fuente legal de fondos por su abogado<\/li>\n<li>Pago de inversi\u00f3n y tarifas<\/li>\n<\/ul>\n<\/div>\r\n                                                                        \r\n                                                            <\/div>\r\n                        <\/div>\r\n                \r\n                                    \r\n                \r\n                                \r\n                                    \r\n                        <div class=\"steps_lines\">\r\n                            <div>\r\n                                <p class=\"title\">\r\n                                                                            <strong>Si el Solicitante est\u00e1 Fuera de EE. UU.<\/strong>\r\n                                                                    <\/p>\r\n                                                                    <div><ul class=\"text\">\n<li>Procesamiento Consular<\/li>\n<li>Entrevista Consular<\/li>\n<\/ul>\n<\/div>\r\n                                                            <\/div>\r\n\r\n                        <\/div>\r\n                \r\n                                    \r\n                        <div class=\"steps_lines\">\r\n                            <div>\r\n                                <p class=\"title\">\r\n                                                                            <strong>Si el Solicitante est\u00e1 Dentro de EE. UU.<\/strong>\r\n                                                                    <\/p>\r\n                                                                    <div><ul class=\"text\">\n<li>Proceda con el ajuste de estatus, incluida la autorizaci\u00f3n de trabajo y el permiso de viaje<\/li>\n<\/ul>\n<\/div>\r\n                                                            <\/div>\r\n\r\n                        <\/div>\r\n                \r\n                                    \r\n                            <\/div>\r\n\r\n            <div class=\"col-12 col-lg-5\">\r\n                                    \r\n                                    \r\n                        <div class=\"steps_items\">\r\n                            <figure>\r\n                                                                    <img decoding=\"async\" src=\"https:\/\/nexoresidencesmiami.com\/wp-content\/uploads\/2023\/06\/Group-212-1.svg\" alt=\"\"\/>\r\n                                                            <\/figure>\r\n                            <div class=\"description\">\r\n                                                                    <p class=\"title\">Paso 3:<\/p>\r\n                                                                                                    <p class=\"text\">Reciba la aprobaci\u00f3n del Formulario I-526 de USCIS<\/p>\r\n                                                            <\/div>\r\n                        <\/div>\r\n                \r\n                                    \r\n                        <div class=\"steps_items\">\r\n                            <figure>\r\n                                                                    <img decoding=\"async\" src=\"https:\/\/nexoresidencesmiami.com\/wp-content\/uploads\/2023\/06\/Step4_icon.svg\" alt=\"\"\/>\r\n                                                            <\/figure>\r\n                            <div class=\"description\">\r\n                                                                    <p class=\"title\">Paso 4:<\/p>\r\n                                                                                                    <p class=\"text\">Reciba la Tarjeta Verde de Residente Permanente<\/p>\r\n                                                            <\/div>\r\n                        <\/div>\r\n                \r\n                                    \r\n                        <div class=\"steps_items\">\r\n                            <figure>\r\n                                                                    <img decoding=\"async\" src=\"https:\/\/nexoresidencesmiami.com\/wp-content\/uploads\/2023\/06\/Step5_icon.svg\" alt=\"\"\/>\r\n                                                            <\/figure>\r\n                            <div class=\"description\">\r\n                                                                    <p class=\"title\">Paso 5:<\/p>\r\n                                                                                                    <p class=\"text\">Presente el formulario I-829 dentro de los 2 a\u00f1os de recibir su estatus de residente permanente<\/p>\r\n                                                            <\/div>\r\n                        <\/div>\r\n                \r\n                                    \r\n                        <div class=\"steps_items\">\r\n                            <figure>\r\n                                                                    <img decoding=\"async\" src=\"https:\/\/nexoresidencesmiami.com\/wp-content\/uploads\/2023\/06\/Group-252-1.svg\" alt=\"\"\/>\r\n                                                            <\/figure>\r\n                            <div class=\"description\">\r\n                                                                    <p class=\"title\">Paso 6:<\/p>\r\n                                                                                                    <p class=\"text\">Devoluci\u00f3n del capital de inversi\u00f3n en riesgo<\/p>\r\n                                                            <\/div>\r\n                        <\/div>\r\n                \r\n                                    \r\n                            <\/div>\r\n        <\/div>\r\n    <\/div>\r\n<\/section>\n\n                                                                \r\n<section class=\"textBlock custom-paddings\" style=\"\r\n    --data-pt-desktop: 90px;\r\n    --data-pb-desktop: 90px;\r\n    --data-pt-mobile: 50px;\r\n    --data-pb-mobile: 50px;\">\r\n    <div class=\"container\">\r\n        <div class=\"textBlock__column\">\r\n                                    <div class=\"linkText\">\r\n                                    <p><p>Para obtener m\u00e1s informaci\u00f3n sobre las oportunidades de inmigraci\u00f3n EB5 de Nexo Residences, <a class=\"arrowButton\" href=\"\/contact-eb5\/\" rel=\"noopener\">inf\u00f3rmese aqu\u00ed.<\/a><\/p>\n<\/p>\r\n                            <\/div>\r\n        <\/div>\r\n    <\/div>\r\n<\/section>","protected":false},"excerpt":{"rendered":"","protected":false},"author":1,"featured_media":0,"parent":0,"menu_order":0,"comment_status":"closed","ping_status":"closed","template":"","meta":{"footnotes":""},"class_list":["post-157","page","type-page","status-publish","hentry"],"acf":[],"_links":{"self":[{"href":"https:\/\/nexoresidencesmiami.com\/es\/wp-json\/wp\/v2\/pages\/157","targetHints":{"allow":["GET"]}}],"collection":[{"href":"https:\/\/nexoresidencesmiami.com\/es\/wp-json\/wp\/v2\/pages"}],"about":[{"href":"https:\/\/nexoresidencesmiami.com\/es\/wp-json\/wp\/v2\/types\/page"}],"author":[{"embeddable":true,"href":"https:\/\/nexoresidencesmiami.com\/es\/wp-json\/wp\/v2\/users\/1"}],"replies":[{"embeddable":true,"href":"https:\/\/nexoresidencesmiami.com\/es\/wp-json\/wp\/v2\/comments?post=157"}],"version-history":[{"count":60,"href":"https:\/\/nexoresidencesmiami.com\/es\/wp-json\/wp\/v2\/pages\/157\/revisions"}],"predecessor-version":[{"id":2672,"href":"https:\/\/nexoresidencesmiami.com\/es\/wp-json\/wp\/v2\/pages\/157\/revisions\/2672"}],"wp:attachment":[{"href":"https:\/\/nexoresidencesmiami.com\/es\/wp-json\/wp\/v2\/media?parent=157"}],"curies":[{"name":"wp","href":"https:\/\/api.w.org\/{rel}","templated":true}]}}