{"id":153,"date":"2023-06-12T18:16:00","date_gmt":"2023-06-12T18:16:00","guid":{"rendered":"https:\/\/nexoresidences.local\/vecindario\/"},"modified":"2023-07-26T17:50:12","modified_gmt":"2023-07-26T17:50:12","slug":"vecindario","status":"publish","type":"page","link":"https:\/\/nexoresidencesmiami.com\/es\/vecindario\/","title":{"rendered":"Vecindario"},"content":{"rendered":"                <section class=\"hero\">\r\n                    \r\n    <div class=\"hero_container bottomLeft\">\r\n        <div class=\"hero_container-image\">\r\n            <figure class=\"desk-img\">\r\n                                    <img decoding=\"async\" src=\"https:\/\/nexoresidencesmiami.com\/wp-content\/uploads\/2023\/07\/NEIGHBORHOOD.jpg\" alt=\"NEIGHBORHOOD\"\/>\r\n                            <\/figure>\r\n            <figure class=\"mobile-img\">\r\n                                    <img decoding=\"async\" src=\"https:\/\/nexoresidencesmiami.com\/wp-content\/uploads\/2023\/06\/Neighborhood_mobile.png\" alt=\"Neighborhood hero mobile\"\/>\r\n                            <\/figure>\r\n        <\/div>\r\n        <div class=\"hero_container-title\" style=\"color:#ffffff\">\r\n                                                                                        \r\n                            <h1 class=\"title  \">Miami, a la puerta<br \/>\r\nde su casa<\/h1>\r\n                    \r\n                                <\/div>\r\n        <div class=\"hero_container-arrow\">\r\n            <svg xmlns=\"http:\/\/www.w3.org\/2000\/svg\" xmlns:xlink=\"http:\/\/www.w3.org\/1999\/xlink\" width=\"41.845\" height=\"15.699\" viewBox=\"0 0 41.845 15.699\">\r\n                <defs>\r\n                    <clipPath id=\"clip-path\">\r\n                    <rect id=\"Rectangle_7\" data-name=\"Rectangle 7\" width=\"41.845\" height=\"15.699\" fill=\"none\"\/>\r\n                    <\/clipPath>\r\n                <\/defs>\r\n                <g id=\"Group_7\" data-name=\"Group 7\" transform=\"translate(0 0)\">\r\n                    <g id=\"Group_6\" data-name=\"Group 6\" transform=\"translate(0 0)\" clip-path=\"url(#clip-path)\">\r\n                    <path id=\"Path_31\" data-name=\"Path 31\" d=\"M41.76.818,21.068,15.354.567,1.234\" transform=\"translate(-0.243 -0.351)\" fill=\"none\" stroke=\"#ffffff\" stroke-width=\"2\"\/>\r\n                    <\/g>\r\n                <\/g>\r\n            <\/svg>\r\n        <\/div>\r\n    <\/div>\r\n<\/section>\n\n                                                                \r\n<section class=\"textBlock custom-paddings\" style=\"\r\n    --data-pt-desktop: 130px;\r\n    --data-pb-desktop: 90px;\r\n    --data-pt-mobile: 75px;\r\n    --data-pb-mobile: 60px;\">\r\n    <div class=\"container\">\r\n        <div class=\"textBlock__column\">\r\n                                        <div class=\"text text-md\"><p>A s\u00f3lo minutos del ajetreo del centro de la ciudad, existe otro Miami, uno que vibra con la cultura moderna y sofisticada, la cocina artesanal local y un paisaje de naturaleza, sereno y tropical. La verdadera vida de Miami se encuentra en sus diversos vecindarios; una ciudad multicultural y global que encanta a sus visitantes con su belleza natural, su clima c\u00e1lido durante todo el a\u00f1o y su vida nocturna, a la vez que les invita a quedarse para disfrutar de la comida gourmet, las artes esc\u00e9nicas, las ferias internacionales de arte y las tiendas de las principales marcas de lujo y moda.<\/p>\n<\/div>\r\n                        <div class=\"linkText\">\r\n                            <\/div>\r\n        <\/div>\r\n    <\/div>\r\n<\/section>\n\n                \n<!-- Si en mobile no cubre la pantalla completa agregar las clase w-md-90-->\n    \n<section class=\"imgVideoFullBanner  \" style=\"\n    --data-pt-desktop: -px;\n    --data-pb-desktop: -px;\n    --data-pt-mobile: -px;\n    --data-pb-mobile: -px;\n\tpadding-bottom: 50px;\">\n\n           <div class=\"js-parallax\">\n           <figure class=\"desk-img\">\n                                  <img decoding=\"async\" src=\"https:\/\/nexoresidencesmiami.com\/wp-content\/uploads\/2023\/06\/Neighborhood-full-width-image-01.jpg\" alt=\"Neighborhood woman with her cycle\"\/>\n                          <\/figure>\n\n           <figure class=\"mobile-img\">\n                                  <img decoding=\"async\" src=\"https:\/\/nexoresidencesmiami.com\/wp-content\/uploads\/2023\/07\/Mask-Group-16-1.png\" alt=\"\"\/>\n                          <\/figure>\n       <\/div>\n\n    \n<\/section>\n\n                                                                <section class=\"map custom-paddings\"  style=\"\r\n    --data-pt-desktop: 122px;\r\n    --data-pb-desktop: 110px;\r\n    --data-pt-mobile: 32px;\r\n    --data-pb-mobile: 60px;\">\r\n        <div class=\"map_container\">\r\n            <div class=\"map_container-svg\">\r\n                <div class=\"js-reveal\">\r\n                    <figure>\r\n                                                    <img decoding=\"async\" src=\"https:\/\/nexoresidencesmiami.com\/wp-content\/uploads\/2023\/06\/Mask-Group-17.png\" alt=\"\"\/>\r\n                                            <\/figure>\r\n                <\/div>\r\n            <\/div>\r\n            <div class=\"map_container-list\">\r\n                                    <h2 class=\"heading heading-s\">En el vecindario<\/h2>\r\n                                                    <div><ul>\n<li>Marina &amp; Boat Rental<\/li>\n<li>Oletta River State Park<\/li>\n<li>Sol\u00e9 Mia\n<ul>\n<li>University of Miami Health System Campus (Coming Soon)<\/li>\n<li>The Village at Sol\u00e9 Mia (Coming Soon)<\/li>\n<li>Costco<\/li>\n<\/ul>\n<\/li>\n<li>Ancient Spanish Monastery<\/li>\n<li>Snyder Tennis Center<\/li>\n<li>FIU North Campus<\/li>\n<li>Senator Gwen Marcolis Amphitheatre<\/li>\n<li>Greynolds Park &amp; Golf Course<\/li>\n<li>Enchanted Forest Elaine Gordon Park<\/li>\n<li>Wholefoods<\/li>\n<li>Fresh Market<\/li>\n<li>Aventura Mall<\/li>\n<li>Tidal Cove<\/li>\n<li>Bal Harbour Shops<\/li>\n<li>Haulover Park<\/li>\n<li>Hard Rock Stadium<\/li>\n<li>Hard Rock Casino<\/li>\n<li>Las Olas<\/li>\n<li>Amelia Earhart Park<\/li>\n<li>Adrienne Arsht Center<\/li>\n<li>Frost Museum of Science<\/li>\n<li>Perez Art Museum Miami<\/li>\n<li>Kaseya Arena<\/li>\n<li>Brickell City Centre<\/li>\n<li>Marlins Park<\/li>\n<\/ul>\n<\/div>\r\n                                \r\n\r\n\r\n            <\/div>\r\n        <\/div>\r\n<\/section>\r\n\n\n<section>\r\n    <div class=\"container\">\r\n        <div class=\"row justify-content-center mb-5\">\r\n                            <a class=\"arrowButton\" href=\"\/es\/equipo\/\" target=\"_self\"><span>Equipo<\/span><\/a>\r\n                    <\/div>\r\n    <\/div>\r\n<\/section>","protected":false},"excerpt":{"rendered":"","protected":false},"author":1,"featured_media":0,"parent":0,"menu_order":0,"comment_status":"closed","ping_status":"closed","template":"","meta":{"footnotes":""},"class_list":["post-153","page","type-page","status-publish","hentry"],"acf":[],"_links":{"self":[{"href":"https:\/\/nexoresidencesmiami.com\/es\/wp-json\/wp\/v2\/pages\/153","targetHints":{"allow":["GET"]}}],"collection":[{"href":"https:\/\/nexoresidencesmiami.com\/es\/wp-json\/wp\/v2\/pages"}],"about":[{"href":"https:\/\/nexoresidencesmiami.com\/es\/wp-json\/wp\/v2\/types\/page"}],"author":[{"embeddable":true,"href":"https:\/\/nexoresidencesmiami.com\/es\/wp-json\/wp\/v2\/users\/1"}],"replies":[{"embeddable":true,"href":"https:\/\/nexoresidencesmiami.com\/es\/wp-json\/wp\/v2\/comments?post=153"}],"version-history":[{"count":13,"href":"https:\/\/nexoresidencesmiami.com\/es\/wp-json\/wp\/v2\/pages\/153\/revisions"}],"predecessor-version":[{"id":2376,"href":"https:\/\/nexoresidencesmiami.com\/es\/wp-json\/wp\/v2\/pages\/153\/revisions\/2376"}],"wp:attachment":[{"href":"https:\/\/nexoresidencesmiami.com\/es\/wp-json\/wp\/v2\/media?parent=153"}],"curies":[{"name":"wp","href":"https:\/\/api.w.org\/{rel}","templated":true}]}}