{"id":149,"date":"2023-06-12T18:16:16","date_gmt":"2023-06-12T18:16:16","guid":{"rendered":"https:\/\/nexoresidences.local\/equipo\/"},"modified":"2023-07-20T13:05:04","modified_gmt":"2023-07-20T13:05:04","slug":"equipo","status":"publish","type":"page","link":"https:\/\/nexoresidencesmiami.com\/es\/equipo\/","title":{"rendered":"Equipo"},"content":{"rendered":"                <section class=\"hero\">\r\n                    \r\n    <div class=\"hero_container bottomLeft\">\r\n        <div class=\"hero_container-image\">\r\n            <figure class=\"desk-img\">\r\n                                    <img decoding=\"async\" src=\"https:\/\/nexoresidencesmiami.com\/wp-content\/uploads\/2023\/06\/Team-top.jpg\" alt=\"Team hero\"\/>\r\n                            <\/figure>\r\n            <figure class=\"mobile-img\">\r\n                                    <img decoding=\"async\" src=\"https:\/\/nexoresidencesmiami.com\/wp-content\/uploads\/2023\/06\/Team_mobile.png\" alt=\"Team hero mobile\"\/>\r\n                            <\/figure>\r\n        <\/div>\r\n        <div class=\"hero_container-title\" style=\"color:#ffffff\">\r\n                                                                                        \r\n                            <h1 class=\"title  \">Una Colaboraci\u00f3n <br \/>\r\nCreativa<\/h1>\r\n                    \r\n                                <\/div>\r\n        <div class=\"hero_container-arrow\">\r\n            <svg xmlns=\"http:\/\/www.w3.org\/2000\/svg\" xmlns:xlink=\"http:\/\/www.w3.org\/1999\/xlink\" width=\"41.845\" height=\"15.699\" viewBox=\"0 0 41.845 15.699\">\r\n                <defs>\r\n                    <clipPath id=\"clip-path\">\r\n                    <rect id=\"Rectangle_7\" data-name=\"Rectangle 7\" width=\"41.845\" height=\"15.699\" fill=\"none\"\/>\r\n                    <\/clipPath>\r\n                <\/defs>\r\n                <g id=\"Group_7\" data-name=\"Group 7\" transform=\"translate(0 0)\">\r\n                    <g id=\"Group_6\" data-name=\"Group 6\" transform=\"translate(0 0)\" clip-path=\"url(#clip-path)\">\r\n                    <path id=\"Path_31\" data-name=\"Path 31\" d=\"M41.76.818,21.068,15.354.567,1.234\" transform=\"translate(-0.243 -0.351)\" fill=\"none\" stroke=\"#ffffff\" stroke-width=\"2\"\/>\r\n                    <\/g>\r\n                <\/g>\r\n            <\/svg>\r\n        <\/div>\r\n    <\/div>\r\n<\/section>\n\n                                                                \n<section class=\"columnImgReverse custom-paddings \"  style=\"\n    --data-pt-desktop: 132px;\n    --data-pb-desktop: 92px;\n    --data-pt-mobile: 58px;\n    --data-pb-mobile: -px;\">\n    <div class=\"columnImgReverse_container\">\n                                    \n        <div class=\"row justify-content-between  \">\n                        <div class=\"col-12 col-lg-5\">\n                <div class=\"columnImgReverse_description\">\n                    <div>\n                                                    <p class=\"preheading\">Desarrollador<\/p>\n                                                                            <h2 class=\"heading heading-s\">Fortune International Group<\/h2>\n                                                <div class=\"columnImgReverse_description-image\">\n                            <div class=\"js-reveal\">\n                                <figure>\n                                                                            <img decoding=\"async\" src=\"https:\/\/nexoresidencesmiami.com\/wp-content\/uploads\/2023\/07\/Fortune-International-Group.jpg\" alt=\"Fortune International Group\"\/>\n                                                                    <\/figure>\n                            <\/div>\n                        <\/div>\n                    <\/div>\n                    <div>\n                                                    <p class=\"text text-s\">Sin\u00f3nimo de la excelencia, calidad, servicio al cliente e inquebrantable compromiso a los m\u00e1s altos est\u00e1ndares de lujo, Fortune International Group ha sido un reconocido l\u00edder en desarrollo, ventas y mercadeo desde 1983. Con m\u00e1s de 7,000 unidades, y nueve millones de pies cuadrados de proyectos entregados, el portafolio de la Compa\u00f1\u00eda incluye muchas de las m\u00e1s prominentes propiedades residenciales en el sur de la Florida incluyendo Jade Signature, The Ritz-Carlton Residences, Sunny Isles Beach, Auberge Beach Residences and Spa Fort Lauderdale, Jade Residences Brickell, Jade Beach, Jade Ocean, y Hyde Resort &#038; Residences Hollywood.<\/p>\n                                            <\/div>\n                <\/div>\n            <\/div>\n            <div class=\"col-12 col-lg-6\">\n                <div class=\"columnImgReverse_image\">\n                    <div class=\"js-reveal\">\n                        <figure>\n                                                            <img decoding=\"async\" src=\"https:\/\/nexoresidencesmiami.com\/wp-content\/uploads\/2023\/07\/Fortune-International-Group.jpg\" alt=\"Fortune International Group\"\/>\n                                                    <\/figure>\n                    <\/div>\n                <\/div>\n            <\/div>\n                    <\/div>\n    <\/div>\n\n<\/section>\n\n                                                                \n<section class=\"columnImgReverse custom-paddings \"  style=\"\n    --data-pt-desktop: -px;\n    --data-pb-desktop: 96px;\n    --data-pt-mobile: 28px;\n    --data-pb-mobile: -px;\">\n    <div class=\"columnImgReverse_container\">\n                                    \n        <div class=\"row justify-content-between isReverse\">\n                        <div class=\"col-12 col-lg-5\">\n                <div class=\"columnImgReverse_description\">\n                    <div>\n                                                    <p class=\"preheading\">Desarrollador<\/p>\n                                                                            <h2 class=\"heading heading-s\">Blue Road<\/h2>\n                                                <div class=\"columnImgReverse_description-image\">\n                            <div class=\"js-reveal\">\n                                <figure>\n                                                                            <img decoding=\"async\" src=\"https:\/\/nexoresidencesmiami.com\/wp-content\/uploads\/2023\/06\/Blue-Road.jpg\" alt=\"group of hotels on the beach\"\/>\n                                                                    <\/figure>\n                            <\/div>\n                        <\/div>\n                    <\/div>\n                    <div>\n                                                    <p class=\"text text-s\">Blue Road, con sede en la Florida, es un desarrollador integrado de finca ra\u00edz dedicado a la adquisici\u00f3n, construcci\u00f3n, reposicionamiento y gesti\u00f3n de propiedades. Desde el inicio hasta la finalizaci\u00f3n, Blue Road supervisa cada fase del proceso de desarrollo, desde la b\u00fasqueda de las propiedades y la adquisici\u00f3n de activos, hasta el dise\u00f1o, construcci\u00f3n y comercializaci\u00f3n, brindando valor y viabilidad con cada propiedad. Dedicado a mejorar la rentabilidad de un portafolio comercial y residencial diverso, el liderazgo experimentado del equipo de Blue Road se esfuerza para minimizar riesgo mientras maximiza la liquidez y el retorno de la inversi\u00f3n.<\/p>\n                                            <\/div>\n                <\/div>\n            <\/div>\n            <div class=\"col-12 col-lg-6\">\n                <div class=\"columnImgReverse_image\">\n                    <div class=\"js-reveal\">\n                        <figure>\n                                                            <img decoding=\"async\" src=\"https:\/\/nexoresidencesmiami.com\/wp-content\/uploads\/2023\/06\/Blue-Road.jpg\" alt=\"group of hotels on the beach\"\/>\n                                                    <\/figure>\n                    <\/div>\n                <\/div>\n            <\/div>\n                    <\/div>\n    <\/div>\n\n<\/section>\n\n                                                                \n<section class=\"columnImgReverse custom-paddings \"  style=\"\n    --data-pt-desktop: -px;\n    --data-pb-desktop: 92px;\n    --data-pt-mobile: 28px;\n    --data-pb-mobile: -px;\">\n    <div class=\"columnImgReverse_container\">\n                                    \n        <div class=\"row justify-content-between  \">\n                        <div class=\"col-12 col-lg-5\">\n                <div class=\"columnImgReverse_description\">\n                    <div>\n                                                    <p class=\"preheading\">Consultor de Dise\u00f1o<\/p>\n                                                                            <h2 class=\"heading heading-s\">Carlos Ott<\/h2>\n                                                <div class=\"columnImgReverse_description-image\">\n                            <div class=\"js-reveal\">\n                                <figure>\n                                                                            <img decoding=\"async\" src=\"https:\/\/nexoresidencesmiami.com\/wp-content\/uploads\/2023\/06\/Carlos-Ott.jpg\" alt=\"hotel group in uruguay china and isles beach\"\/>\n                                                                    <\/figure>\n                            <\/div>\n                        <\/div>\n                    <\/div>\n                    <div>\n                                                    <p class=\"text text-s\">Dedicado al dise\u00f1o y a los proyectos a grande escala en los campos de la arquitectura, dise\u00f1o interior y planeaci\u00f3n urbana, Carlos Ott trae m\u00e1s de cuarenta a\u00f1os de excepcional experiencia en la pr\u00e1ctica del dise\u00f1o internacional. Fundada en Toronto en 1983, su Compa\u00f1\u00eda hom\u00f3nima, Carlos Ott Architects, ha desarrollado un portafolio extensivo de aclamados proyectos en Norteam\u00e9rica, Europa, Medio Oriente, Asia y Sudam\u00e9rica. La misi\u00f3n de su Compa\u00f1\u00eda es asegurar que cada proyecto sea de la m\u00e1s alta calidad posible, creando edificios que son \u00edconos arquitect\u00f3nicos y que se adhieren a los requisitos funcionales, financieros, y de programaci\u00f3n del cliente.<\/p>\n                                            <\/div>\n                <\/div>\n            <\/div>\n            <div class=\"col-12 col-lg-6\">\n                <div class=\"columnImgReverse_image\">\n                    <div class=\"js-reveal\">\n                        <figure>\n                                                            <img decoding=\"async\" src=\"https:\/\/nexoresidencesmiami.com\/wp-content\/uploads\/2023\/06\/Carlos-Ott.jpg\" alt=\"hotel group in uruguay china and isles beach\"\/>\n                                                    <\/figure>\n                    <\/div>\n                <\/div>\n            <\/div>\n                    <\/div>\n    <\/div>\n\n<\/section>\n\n                                                                \n<section class=\"columnImgReverse custom-paddings \"  style=\"\n    --data-pt-desktop: -px;\n    --data-pb-desktop: 92px;\n    --data-pt-mobile: 28px;\n    --data-pb-mobile: -px;\">\n    <div class=\"columnImgReverse_container\">\n                                    \n        <div class=\"row justify-content-between isReverse\">\n                        <div class=\"col-12 col-lg-5\">\n                <div class=\"columnImgReverse_description\">\n                    <div>\n                                                    <p class=\"preheading\">Arquitecto de Registro<\/p>\n                                                                            <h2 class=\"heading heading-s\">Frankel Benayoun Architects Inc.<\/h2>\n                                                <div class=\"columnImgReverse_description-image\">\n                            <div class=\"js-reveal\">\n                                <figure>\n                                                                            <img decoding=\"async\" src=\"https:\/\/nexoresidencesmiami.com\/wp-content\/uploads\/2023\/06\/Team-img-04.jpg\" alt=\"Frankel Benayoun Architects Inc.\"\/>\n                                                                    <\/figure>\n                            <\/div>\n                        <\/div>\n                    <\/div>\n                    <div>\n                                                    <p class=\"text text-s\">Desde 1976, Frankel Benayoun Architects ha desarrollado un portafolio extenso de dise\u00f1o arquitect\u00f3nico detallado y funcional, incluyendo residencias multifamiliares, unifamiliares y de uso mixto, espacios p\u00fablicos, educacionales, religiosos, de atenci\u00f3n m\u00e9dica y estructuras \u00fanicas de parqueo urbano. FBA est\u00e1 comprometido con la expresi\u00f3n detallada del dise\u00f1o arquitect\u00f3nico con un esfuerzo consciente para armonizar cada edificio con los elementos del entorno y la naturaleza circundante, siempre buscando destacar la uni\u00f3n de la arquitectura y el paisaje. Para cada proyecto, FBA considera la integraci\u00f3n de la est\u00e9tica arquitect\u00f3nica con las caracter\u00edsticas \u00fanicas de su vecindario.<\/p>\n                                            <\/div>\n                <\/div>\n            <\/div>\n            <div class=\"col-12 col-lg-6\">\n                <div class=\"columnImgReverse_image\">\n                    <div class=\"js-reveal\">\n                        <figure>\n                                                            <img decoding=\"async\" src=\"https:\/\/nexoresidencesmiami.com\/wp-content\/uploads\/2023\/06\/Team-img-04.jpg\" alt=\"Frankel Benayoun Architects Inc.\"\/>\n                                                    <\/figure>\n                    <\/div>\n                <\/div>\n            <\/div>\n                    <\/div>\n    <\/div>\n\n<\/section>\n\n                                                                \n<section class=\"columnImgReverse custom-paddings \"  style=\"\n    --data-pt-desktop: -px;\n    --data-pb-desktop: 78px;\n    --data-pt-mobile: 28px;\n    --data-pb-mobile: -px;\">\n    <div class=\"columnImgReverse_container\">\n                                    \n        <div class=\"row justify-content-between  \">\n                        <div class=\"col-12 col-lg-5\">\n                <div class=\"columnImgReverse_description\">\n                    <div>\n                                                    <p class=\"preheading\">Arquitectura de Dise\u00f1o de Interiores y Paisajes<\/p>\n                                                                            <h2 class=\"heading heading-s\">Urban Robot<\/h2>\n                                                <div class=\"columnImgReverse_description-image\">\n                            <div class=\"js-reveal\">\n                                <figure>\n                                                                            <img decoding=\"async\" src=\"https:\/\/nexoresidencesmiami.com\/wp-content\/uploads\/2023\/07\/Mask-Group-29.png\" alt=\"\"\/>\n                                                                    <\/figure>\n                            <\/div>\n                        <\/div>\n                    <\/div>\n                    <div>\n                                                    <p class=\"text text-s\">Especializado en dise\u00f1o interior, arquitectura de paisaje y dise\u00f1o urbano, con un firme y amplio enfoque en la hospitalidad, Urban Robot con sede en Miami, aporta una perspectiva multidisciplinaria al proceso creativo. La Compa\u00f1\u00eda se basa en los diversas antecedentes de dise\u00f1o de su equipo para lograr narrativas singulares que son fieles al concepto y se adaptan de manera \u00fanica a cada proyecto. Ya sea un sal\u00f3n de comida din\u00e1mico, un complejo de uso mixto, un hotel boutique o una propiedad residencial multifamiliar, Urban Robot se esfuerza consistentemente en elevar la experiencia humana.<\/p>\n                                            <\/div>\n                <\/div>\n            <\/div>\n            <div class=\"col-12 col-lg-6\">\n                <div class=\"columnImgReverse_image\">\n                    <div class=\"js-reveal\">\n                        <figure>\n                                                            <img decoding=\"async\" src=\"https:\/\/nexoresidencesmiami.com\/wp-content\/uploads\/2023\/07\/Mask-Group-29.png\" alt=\"\"\/>\n                                                    <\/figure>\n                    <\/div>\n                <\/div>\n            <\/div>\n                    <\/div>\n    <\/div>\n\n<\/section>\n\n<section>\r\n    <div class=\"container\">\r\n        <div class=\"row justify-content-center mb-5\">\r\n                            <a class=\"arrowButton\" href=\"\/es\/prensa\/\" target=\"_self\"><span>Prensa<\/span><\/a>\r\n                    <\/div>\r\n    <\/div>\r\n<\/section>","protected":false},"excerpt":{"rendered":"","protected":false},"author":1,"featured_media":0,"parent":0,"menu_order":0,"comment_status":"closed","ping_status":"closed","template":"","meta":{"footnotes":""},"class_list":["post-149","page","type-page","status-publish","hentry"],"acf":[],"_links":{"self":[{"href":"https:\/\/nexoresidencesmiami.com\/es\/wp-json\/wp\/v2\/pages\/149","targetHints":{"allow":["GET"]}}],"collection":[{"href":"https:\/\/nexoresidencesmiami.com\/es\/wp-json\/wp\/v2\/pages"}],"about":[{"href":"https:\/\/nexoresidencesmiami.com\/es\/wp-json\/wp\/v2\/types\/page"}],"author":[{"embeddable":true,"href":"https:\/\/nexoresidencesmiami.com\/es\/wp-json\/wp\/v2\/users\/1"}],"replies":[{"embeddable":true,"href":"https:\/\/nexoresidencesmiami.com\/es\/wp-json\/wp\/v2\/comments?post=149"}],"version-history":[{"count":9,"href":"https:\/\/nexoresidencesmiami.com\/es\/wp-json\/wp\/v2\/pages\/149\/revisions"}],"predecessor-version":[{"id":2060,"href":"https:\/\/nexoresidencesmiami.com\/es\/wp-json\/wp\/v2\/pages\/149\/revisions\/2060"}],"wp:attachment":[{"href":"https:\/\/nexoresidencesmiami.com\/es\/wp-json\/wp\/v2\/media?parent=149"}],"curies":[{"name":"wp","href":"https:\/\/api.w.org\/{rel}","templated":true}]}}