{"id":147,"date":"2023-06-08T13:18:43","date_gmt":"2023-06-08T13:18:43","guid":{"rendered":"https:\/\/nexoresidences.local\/inicio\/"},"modified":"2025-08-26T21:18:30","modified_gmt":"2025-08-26T21:18:30","slug":"inicio","status":"publish","type":"page","link":"https:\/\/nexoresidencesmiami.com\/es\/","title":{"rendered":"Inicio"},"content":{"rendered":"                <section class=\"hero\">\r\n                    \r\n    <div class=\"hero_container  \">\r\n        <div class=\"hero_container-image\">\r\n            <figure class=\"desk-img\">\r\n                                    <img decoding=\"async\" src=\"https:\/\/nexoresidencesmiami.com\/wp-content\/uploads\/2023\/06\/homepage-top-1920x1080.jpg\" alt=\"Nexo residences home page\"\/>\r\n                            <\/figure>\r\n            <figure class=\"mobile-img\">\r\n                                    <img decoding=\"async\" src=\"https:\/\/nexoresidencesmiami.com\/wp-content\/uploads\/2023\/06\/homepage-top_mobile.png\" alt=\"Residences nexo home page mobile\"\/>\r\n                            <\/figure>\r\n        <\/div>\r\n        <div class=\"hero_container-title\" style=\"color:#ffffff\">\r\n                                                                                        \r\n                            <h1 class=\"title  \">Bienvenido a un mundo<br \/>\r\nbien conectado.<\/h1>\r\n                    \r\n                                        <h2 class=\"subtitle\">Dise\u00f1ado para Vivir \/ Poseer \/ Acoger<br \/>\r\nBajo Construcci\u00f3n &#8211; Entregas en el 2026<br \/>\r\nOportunidades Disponibles para EB-5<\/h2>\r\n                    <\/div>\r\n        <div class=\"hero_container-arrow\">\r\n            <svg xmlns=\"http:\/\/www.w3.org\/2000\/svg\" xmlns:xlink=\"http:\/\/www.w3.org\/1999\/xlink\" width=\"41.845\" height=\"15.699\" viewBox=\"0 0 41.845 15.699\">\r\n                <defs>\r\n                    <clipPath id=\"clip-path\">\r\n                    <rect id=\"Rectangle_7\" data-name=\"Rectangle 7\" width=\"41.845\" height=\"15.699\" fill=\"none\"\/>\r\n                    <\/clipPath>\r\n                <\/defs>\r\n                <g id=\"Group_7\" data-name=\"Group 7\" transform=\"translate(0 0)\">\r\n                    <g id=\"Group_6\" data-name=\"Group 6\" transform=\"translate(0 0)\" clip-path=\"url(#clip-path)\">\r\n                    <path id=\"Path_31\" data-name=\"Path 31\" d=\"M41.76.818,21.068,15.354.567,1.234\" transform=\"translate(-0.243 -0.351)\" fill=\"none\" stroke=\"#ffffff\" stroke-width=\"2\"\/>\r\n                    <\/g>\r\n                <\/g>\r\n            <\/svg>\r\n        <\/div>\r\n    <\/div>\r\n<\/section>\n\n                                                                <!-- optional class withBgColor -->\r\n    \r\n<section class=\"titleBanner custom-paddings \"  style=\"\r\n    --data-pt-desktop: 175px;\r\n    --data-pb-desktop: 175px;\r\n    --data-pt-mobile: 68px;\r\n    --data-pb-mobile: 61px;\">\r\n    <div class=\"container\">        \r\n                    <p class=\"preheading\">NORTH MIAMI BEACH RESIDENCES<\/p>\r\n                            <h2 class=\"heading heading-md color-black\">Estudios<br \/>\r\nResidencias de 1 , 2 y 3 Habitaciones<br \/>\r\nResidencias Townhome de 3 y 4 Habitaciones<br \/>\r\nCompletamente Amobladas<\/h2>\r\n            <\/div>\r\n<\/section>\n\n                \n<!-- Si en mobile no cubre la pantalla completa agregar las clase w-md-90-->\n    \n<section class=\"imgVideoFullBanner  \" style=\"\n    --data-pt-desktop: -px;\n    --data-pb-desktop: -px;\n    --data-pt-mobile: -px;\n    --data-pb-mobile: -px;\n\tpadding-bottom: 50px;\">\n\n           <div class=\"js-parallax\">\n           <figure class=\"desk-img\">\n                                  <img decoding=\"async\" src=\"https:\/\/nexoresidencesmiami.com\/wp-content\/uploads\/2023\/06\/Building-Townhome-I-Nexo-Residences.jpg\" alt=\"Building Townhome Nexo Residences\"\/>\n                          <\/figure>\n\n           <figure class=\"mobile-img\">\n                                  <img decoding=\"async\" src=\"https:\/\/nexoresidencesmiami.com\/wp-content\/uploads\/2023\/07\/Building-Townhome-I-Nexo-Residences.png\" alt=\"\"\/>\n                          <\/figure>\n       <\/div>\n\n    \n<\/section>\n\n                                                                <section class=\"textImgTwoColumns custom-paddings\" style=\"\r\n    --data-pt-desktop: 120px;\r\n    --data-pb-desktop: 120px;\r\n    --data-pt-mobile: 57px;\r\n    --data-pb-mobile: 53px;\">\r\n    <div class=\"container\">\r\n        <div class=\"textImgTwoColumns__content\">\r\n                            <h2 class=\"heading heading-s color-black\">Dise\u00f1ado para vivir, disfrutar y alquilar, Nexo Residences ofrece una nueva autonom\u00eda a los propietarios independientes.<\/h2>\r\n                                        <div class=\"text text-s\"><p>Con una perfecta ubicaci\u00f3n a lo largo del corredor de Biscayne, en el\u00a0coraz\u00f3n de North Miami Beach, Nexo Residences invita a los residentes a\u00a0un mundo bien conectado.<\/p>\n<p>Un santuario bellamente dise\u00f1ado que combina la arquitectura moderna, un\u00a0programa integral de residencias de alquileres a corto plazo y una\u00a0variedad de servicios. Nexo presenta un nuevo nivel de flexibilidad y\u00a0profundidad dise\u00f1ado para liberar en lugar de imponer. Impulsado por el\u00a0dise\u00f1o y creado para la conexi\u00f3n, Nexo ofrece un modo m\u00e1s simple e\u00a0inteligente de interactuar con el mundo siendo pionero en un nuevo\u00a0enfoque de la vida contempor\u00e1nea bien conectada.<\/p>\n<\/div>\r\n                    <\/div>\r\n\r\n        <div class=\"textImgTwoColumns__figure js-reveal\">\r\n\r\n            <figure>\r\n                                    <img decoding=\"async\" src=\"https:\/\/nexoresidencesmiami.com\/wp-content\/uploads\/2023\/06\/FORCT_04_Pool-Deck_High_people.png\" alt=\"Pool nexo\"\/>\r\n                            <\/figure>\r\n        <\/div>\r\n    <\/div>\r\n<\/section>\n\n                \n<!-- Si en mobile no cubre la pantalla completa agregar las clase w-md-90-->\n    \n<section class=\"imgVideoFullBanner  \" style=\"\n    --data-pt-desktop: -px;\n    --data-pb-desktop: -px;\n    --data-pt-mobile: -px;\n    --data-pb-mobile: -px;\n\tpadding-bottom: 50px;\">\n\n           <div class=\"js-parallax\">\n           <figure class=\"desk-img\">\n                                  <img decoding=\"async\" src=\"https:\/\/nexoresidencesmiami.com\/wp-content\/uploads\/2023\/07\/unnamed-1.jpg\" alt=\"\"\/>\n                          <\/figure>\n\n           <figure class=\"mobile-img\">\n                                  <img decoding=\"async\" src=\"https:\/\/nexoresidencesmiami.com\/wp-content\/uploads\/2023\/07\/Building-Exterior-Nexo-Residences.png\" alt=\"\"\/>\n                          <\/figure>\n       <\/div>\n\n    \n<\/section>\n\n\r\n                                                                <section class=\"imgWithLink custom-paddings\" style=\"\r\n    --data-pt-desktop: 120px;\r\n    --data-pb-desktop: 90px;\r\n    --data-pt-mobile: 55px;\r\n    --data-pb-mobile: 60px;\">\r\n    <div class=\"container\">\r\n        <div class=\"imgWithLink__grid\">\r\n                        \r\n                            \r\n                    <div class=\"imgWithLink__grid--item\">\r\n                        <div class=\"js-reveal\">\r\n                            <figure>\r\n                                                                    <img decoding=\"async\" src=\"https:\/\/nexoresidencesmiami.com\/wp-content\/uploads\/2023\/06\/Amenities-top-500x440.jpg\" alt=\"Amenities nexo\"\/>\r\n                                                            <\/figure>\r\n\r\n                        <\/div>\r\n\r\n                                                    <a class=\"arrowButton\" href=\"https:\/\/nexoresidencesmiami.com\/es\/comodidades\/\" target=\"_self\"><span>Servicios Esenciales<\/span><\/a>\r\n                                            <\/div>\r\n            \r\n                            \r\n                    <div class=\"imgWithLink__grid--item\">\r\n                        <div class=\"js-reveal\">\r\n                            <figure>\r\n                                                                    <img decoding=\"async\" src=\"https:\/\/nexoresidencesmiami.com\/wp-content\/uploads\/2023\/06\/Residences-full-width-01-500x440.jpg\" alt=\"interior room nexo\"\/>\r\n                                                            <\/figure>\r\n\r\n                        <\/div>\r\n\r\n                                                    <a class=\"arrowButton\" href=\"https:\/\/nexoresidencesmiami.com\/es\/residencias\/\" target=\"_self\"><span>Vida Residencial<\/span><\/a>\r\n                                            <\/div>\r\n            \r\n                            \r\n                    <div class=\"imgWithLink__grid--item\">\r\n                        <div class=\"js-reveal\">\r\n                            <figure>\r\n                                                                    <img decoding=\"async\" src=\"https:\/\/nexoresidencesmiami.com\/wp-content\/uploads\/2023\/07\/Mask-Group-16-360x440.png\" alt=\"\"\/>\r\n                                                            <\/figure>\r\n\r\n                        <\/div>\r\n\r\n                                                    <a class=\"arrowButton\" href=\"https:\/\/nexoresidencesmiami.com\/es\/eb-5\/\" target=\"_self\"><span>Oportunidades EB-5<\/span><\/a>\r\n                                            <\/div>\r\n            \r\n                            \r\n                    <\/div>\r\n\r\n        <div class=\"imgWithLink__full\">\r\n            <div class=\"js-reveal\">\r\n                <figure>\r\n                                            <img decoding=\"async\" src=\"https:\/\/nexoresidencesmiami.com\/wp-content\/uploads\/2023\/06\/Neighborhood-full-width-image-01-1920x1080.jpg\" alt=\"Neighborhood woman with her cycle\"\/>\r\n                                    <\/figure>\r\n            <\/div>\r\n                            <a class=\"arrowButton\" href=\"https:\/\/nexoresidencesmiami.com\/es\/vecindario\/\" target=\"_self\"><span>Miami, a la puerta de su casa<\/span><\/a>\r\n                    <\/div>\r\n    <\/div>\r\n<\/section>","protected":false},"excerpt":{"rendered":"","protected":false},"author":1,"featured_media":0,"parent":0,"menu_order":0,"comment_status":"closed","ping_status":"open","template":"","meta":{"footnotes":""},"class_list":["post-147","page","type-page","status-publish","hentry"],"acf":[],"_links":{"self":[{"href":"https:\/\/nexoresidencesmiami.com\/es\/wp-json\/wp\/v2\/pages\/147","targetHints":{"allow":["GET"]}}],"collection":[{"href":"https:\/\/nexoresidencesmiami.com\/es\/wp-json\/wp\/v2\/pages"}],"about":[{"href":"https:\/\/nexoresidencesmiami.com\/es\/wp-json\/wp\/v2\/types\/page"}],"author":[{"embeddable":true,"href":"https:\/\/nexoresidencesmiami.com\/es\/wp-json\/wp\/v2\/users\/1"}],"replies":[{"embeddable":true,"href":"https:\/\/nexoresidencesmiami.com\/es\/wp-json\/wp\/v2\/comments?post=147"}],"version-history":[{"count":15,"href":"https:\/\/nexoresidencesmiami.com\/es\/wp-json\/wp\/v2\/pages\/147\/revisions"}],"predecessor-version":[{"id":2641,"href":"https:\/\/nexoresidencesmiami.com\/es\/wp-json\/wp\/v2\/pages\/147\/revisions\/2641"}],"wp:attachment":[{"href":"https:\/\/nexoresidencesmiami.com\/es\/wp-json\/wp\/v2\/media?parent=147"}],"curies":[{"name":"wp","href":"https:\/\/api.w.org\/{rel}","templated":true}]}}